{"id":2634,"date":"2023-10-10T11:40:26","date_gmt":"2023-10-10T15:40:26","guid":{"rendered":"https:\/\/yogaetmouvement.com\/about\/"},"modified":"2025-01-14T14:07:03","modified_gmt":"2025-01-14T19:07:03","slug":"about","status":"publish","type":"page","link":"https:\/\/yogaetmouvement.com\/en\/about\/","title":{"rendered":"About"},"content":{"rendered":"\n<h1>\n\t\tAbout Laura\n\t<\/h1>\n\t<p>My name is <strong>Laura Hernandez<\/strong> and I am the founder and owner of Yoga &#038; Movement.<\/p>\n<p>My mission is aligned with my deep desire to offer the place, encouragement, and support necessary for my students to undertake and pursue their own inner journey.<\/p>\n<p>I am a mother, mentor, trainer of teachers and creator of well-being. I share a patient nature, compassion and calmness that I have developed during my studies and over time.<\/p>\n<p>It goes without saying that my teaching and practice are influenced by the richness of the Mayan lineage from which I come, other knowledge that distinguishes and influences my overall approach.<\/p>\n\t\t\t\t\t<a href=\"#\" id=\"fl-accordion--label-0\" tabindex=\"0\" aria-controls=\"fl-accordion--panel-0\">Full bio<\/a>\n\t\t\t\t\t\t\t\t\t\t\t<a href=\"#\" id=\"fl-accordion--icon-0\" tabindex=\"-1\"><i title=\"Expand\">Expand<\/i><\/a>\n\t\t\t\t\t<p>Trained and certified (<em>Ashtanga Studio Montreal<\/em>, 2002). I have been teaching and practicing yoga for over 23 years. Over the years, I have accumulated more than 1500 hours of training and teaching. Before becoming a studio owner, I had the privilege of teaching at various studios in Montreal <em>(Ashtanga Studio in Montreal, Yoga Yoga and Yoga World) and in <\/em>the Eastern Townships.<\/p>\n<p>I have received training in aromatherapy, nutrition, various schools of somatic movement such as the Feldenkrais Method and the Franklin Method. I also trained in water massage.\u00a0My approach is holistic, and thus, I lead my students to increase their strength and flexibility (both physical and mental).<\/p>\n<h4>About my trajectory<\/h4>\n<p>Before moving to Canada and founding Yoga &amp; Movement, I studied interpretation and translation as well as international business. I worked as an international economic development officer from my homeland in Mexico. It goes without saying that a career of this nature came with great challenges, stress, competition, and pressure to always perform more and better. So, when yoga came into my life in 1995, I quickly felt the physical effects of postures and meditation.<\/p>\n<p>In 2000, at the peak of my career, I decided to move abroad in order to escape an increasingly threatening national insecurity. Being in a welcoming land motivated my desire to pursue the passion that I had. I had discovered the benefits of mind-body approaches, and I wanted to continue studying the body, movement and personal development. It was the beginning of a journey that still inspire me.<\/p>\n<p>In my new life, yoga quickly became the main pillar of my well-being, and as a result, my perception of this discipline changed. I wasn&#8217;t &#8220;doing Yoga anymore&#8221;, I was &#8220;living Yoga&#8221;.<\/p>\n\t\t\t\t\t<a href=\"#\" id=\"fl-accordion--label-1\" tabindex=\"0\" aria-controls=\"fl-accordion--panel-1\">Other teaching experiences<\/a>\n\t\t\t\t\t\t\t\t\t\t\t<a href=\"#\" id=\"fl-accordion--icon-1\" tabindex=\"-1\"><i title=\"Expand\">Expand<\/i><\/a>\n\t\t\t\t\t<p>(Excluding teachings and workshops at the Yoga &amp; Movement studio)<\/p>\n<ul>\n<li>Oncology yoga teacher trainer for <strong>Yoga4Cancer<\/strong><a href=\"http:\/\/www.yoga4cancer.com\" rel=\"nofollow ugc\"> http:\/\/www.yoga4cancer.com<\/a><\/li>\n<li>Oncology yoga teacher trainer for <em>Ma Sant\u00e9 Active<\/em> program (including weekly classes for members), <strong>Quebec Breast Cancer Foundation<\/strong> (QBCF)<\/li>\n<li>Invited as a speaker by: <strong>Ovary Canada, le Centre de transmission de yoga (CTY) and the Leukemia &amp; Lymphoma Society of Canada<\/strong>.<\/li>\n<li>Yoga Adjustment Workshops for <strong>Yoga Yoga<\/strong> Teacher Training, Montreal<\/li>\n<li>Teaching beginner and intermediate classes, <strong>Ashtanga yoga studio Montreal<\/strong><\/li>\n<li>Teaching various classes for <strong>Yoga Monde &#8211; studio Nicole Bordeleau<\/strong><\/li>\n<li>Oncology Yoga Workshop for Yoga Teacher Training, <strong>Yoga of Life<\/strong><\/li>\n<li>Oncology Yoga Retreat Organizer at the <strong>Eastman SPA<\/strong>, Quebec<\/li>\n<li>Organizer of yoga retreats in Quebec and Mexico<\/li>\n<\/ul>\n\t\t\t\t\t<a href=\"#\" id=\"fl-accordion--label-2\" tabindex=\"0\" aria-controls=\"fl-accordion--panel-2\">Recognitions<\/a>\n\t\t\t\t\t\t\t\t\t\t\t<a href=\"#\" id=\"fl-accordion--icon-2\" tabindex=\"-1\"><i title=\"Expand\">Expand<\/i><\/a>\n\t\t\t\t\t<ul>\n<li>Social Entrepreneur of the Year 2019, <strong>ARTISTRI SUD, Women&#8217;s Development Organization, Montreal<\/strong><\/li>\n<li>Honoured for creating the Oncology Yoga Program at the <strong>Brome Missisquoi Perkins Hospital Foundation<\/strong> by the <strong>Yamaska Valley Optimist Club, International Women&#8217;s Day,<\/strong> for Community Contribution in 2021<\/li>\n<\/ul>\n\t\t\t\t\t<a href=\"#\" id=\"fl-accordion--label-3\" tabindex=\"0\" aria-controls=\"fl-accordion--panel-3\">Training (detailed)<\/a>\n\t\t\t\t\t\t\t\t\t\t\t<a href=\"#\" id=\"fl-accordion--icon-3\" tabindex=\"-1\"><i title=\"Expand\">Expand<\/i><\/a>\n\t\t\t\t\t<h4>2024\u00a0&#8211; 2025<\/h4>\n<p><strong>Pilates on mat Instructor<\/strong>, AMP Anne McMillan Pilates, Montr\u00e9al<\/p>\n<p>In training<\/p>\n<p><strong>Cancer Exercise Specialist Advanced Qualification,<\/strong> CETI Cancer Education Training Institute U.S.A.<\/p>\n<h4>2022 &#8211; 2023<\/h4>\n<p><strong>Continuing Education in Oncology Yoga<\/strong>, Radika Foundation, Spain. Red Internacional de yoga oncol\u00f3gico<\/p>\n<p><strong>Training in Spiritual Sciences and End of Life Level I &amp; II<\/strong>, S\u00e9minaire de Sherbrooke<\/p>\n<p><strong>Movement Therapist for Lower Back Fascia<\/strong>, Franklin Method<\/p>\n<p><strong>Anatomy Trains body reading<\/strong>, Tom Myers, Halifax Canada<\/p>\n<hr \/>\n<h4>2020<\/h4>\n<p><strong>Applied Yoga Mobility Therapist Certification (AWMT)<\/strong>, Jory Serota Applied Yoga Integration<\/p>\n<p><strong>Yoga Thrive, Oncology yoga Teacher Training Certification<\/strong>, Health and wellness lab programs \/ The yoga effect \/ University of Calgary<\/p>\n<hr \/>\n<h4>2017<\/h4>\n<p><strong>Yoga 4 Cancer (Y4C), Teacher Training Certification<\/strong>, Tari Prinster, NYC<\/p>\n<p><strong>Trauma release through yoga &amp; mindfulness meditation<\/strong>, Michael Stone Education<\/p>\n<p><strong>Divine Feminine Yoga<\/strong>, Laura Cornell, Florida USA Mindful business development (continuing education)<\/p>\n<hr \/>\n<h4>2016<\/h4>\n<p><strong>Divine Feminine Yoga<\/strong>, Laura Cornell, Florida &amp; California Mindful business development (continuing education)<\/p>\n<p><strong>Awakening &amp; knowledge of the Self<\/strong>, Institut du d\u00e9veloppement de la personne, Annie Marquier, Brome Lake Quebec<\/p>\n<p><strong>The 7 chakras prana flow &amp; meditation<\/strong>, Institut du d\u00e9veloppement de la personne, V\u00e9ronique Dumont, Brome Lake Quebec<\/p>\n<hr \/>\n<h4>2015<\/h4>\n<p><strong>JALA &#8211; Prana flow, the water element<\/strong>, Institut du d\u00e9veloppement de la personne, V\u00e9ronique Dumont, Brome Lake Quebec<\/p>\n<p><strong>Hips &amp; Lower Back Anatomy Yoga<\/strong>, Hart Lazer, United Yoga Montr\u00e9al<\/p>\n<p><strong>Yoga &amp; Meditation &#8211; The inner tradition of yoga<\/strong>, Michael Stone Education, Bromont Quebec<\/p>\n<hr \/>\n<h4>2014<\/h4>\n<p><strong>Mouvence Training in aquatic massage and water supported movement<\/strong>, Carole Dion Veechi, \u00c9cole Aquavie Mouvence, Montreal<\/p>\n<hr \/>\n<h4>2013<\/h4>\n<p><strong>Functional Anatomy<\/strong>, Ashtanga Yoga Studio, Johanna Abbatt, Montreal<\/p>\n<p><strong>The role of breath throughout the life process, restoring and expanding the sense of self<\/strong>, Andr\u00e9 Duchesne &amp; Ginette L\u00e9pine, Institut de Psychoth\u00e9rapie Corporelle Int\u00e9gr\u00e9e, Montreal<\/p>\n<hr \/>\n<h4>2012<\/h4>\n<p><strong>Yoga and Hormonal Balance<\/strong>, Carolyne Chantefort, (Dina Rodrigues Method), Quebec<\/p>\n<hr \/>\n<h4>2011<\/h4>\n<p><strong>Spinal Awareness<\/strong>, Esalen Institute, Patrick Douce, California<\/p>\n<p><strong>Dare to feel, Training in trauma resolution through Yoga<\/strong>, United Yoga, Hart Lazer, Montreal<\/p>\n<p><strong>Yoga for women,<\/strong> Studios Lynn St-Rock, Leigh Evans, Magog<\/p>\n<hr \/>\n<h4>2005<\/h4>\n<p><strong>Backbends &amp; Inversions<\/strong>, Yoga Granby, Hart Lazer, Quebec<\/p>\n<hr \/>\n<h4>2004<\/h4>\n<p><strong>Yoga Retreat<\/strong>, Hart Lazer &amp; Mark Darby, Maya Tulum, Mexico<\/p>\n<p><strong>Adjusting students in asana practice<\/strong>, Ashtanga Yoga Studio, Hart Lazer, Montreal<\/p>\n<hr \/>\n<h4>2003<\/h4>\n<p><strong>Yoga Retreat<\/strong>, Hart Lazer &amp; Mark Darby, Maya Tulum, Mexico<\/p>\n<p><strong>The principles of backbends<\/strong>, Yoga Monde, Hart Lazer, Quebec<\/p>\n<p><strong>Dancing the body of light<\/strong>, Ashtanga Yoga Studio, Orit Sen Gupta, Montreal<\/p>\n<p><strong>Ageless Yoga<\/strong>, Perle Yoga, Lila Osterman, Montreal<\/p>\n<p><strong>Techniques for teaching yoga<\/strong>, Ashtanga Yoga Studio, Hart Lazer, Montreal<\/p>\n<hr \/>\n<h4>2002<\/h4>\n<p><strong>Ashtanga Yoga<\/strong>, Pattabhi Jois, Universit\u00e9 du Qu\u00e9bec, Montreal<\/p>\n<p><strong>Advanced Training for Yoga Teachers<\/strong>, Ashtanga Yoga Studio, Hart Lazer, Montreal<\/p>\n<p><strong>Pre &amp; Post Natal Yoga<\/strong>, Sophie Desjardins, Montreal<\/p>\n<p><strong>Vipassana 10 Day Retreat<\/strong>, Vipassana Meditation Center, Sutton<\/p>\n<p><strong>Refining: Backbends twists &amp; inversions<\/strong>, Ashtanga Yoga Studio, Hart Lazer, Montreal<\/p>\n<p><strong>Advanced Training for Yoga Teachers<\/strong>, Ashtanga Yoga Studio, Hart Lazer, Montreal<\/p>\n<hr \/>\n<h4>2001 &#8211; 2002<\/h4>\n<p><strong>Ashtanga Yoga Teacher Training (500 HRS)<\/strong>, Ashtanga Yoga Studio, Allison Ulan &amp; Mark Darby<\/p>\n\n","protected":false},"excerpt":{"rendered":"<p>About Laura My name is Laura Hernandez and I am the founder and owner of Yoga &#038; Movement. My mission is aligned with my deep desire to offer the place, encouragement, and support necessary for my students to undertake and pursue their own inner journey. I am a mother, mentor, trainer of teachers and creator&hellip;<\/p>\n","protected":false},"author":6,"featured_media":2597,"parent":0,"menu_order":90,"comment_status":"closed","ping_status":"closed","template":"","meta":{"footnotes":""},"class_list":["post-2634","page","type-page","status-publish","has-post-thumbnail","hentry"],"yoast_head":"<!-- This site is optimized with the Yoast SEO plugin v27.4 - https:\/\/yoast.com\/product\/yoast-seo-wordpress\/ -->\n<title>About by Laura Hernandez de Yoga et Mouvement<\/title>\n<meta name=\"description\" content=\"Laura Hernandez: Yoga trainer, somatic educator, holistic wellness consultant and accredited celebrant. Come and discover me!\" \/>\n<meta name=\"robots\" content=\"index, follow, max-snippet:-1, max-image-preview:large, max-video-preview:-1\" \/>\n<link rel=\"canonical\" href=\"https:\/\/yogaetmouvement.com\/en\/about\/\" \/>\n<meta property=\"og:locale\" content=\"en_US\" \/>\n<meta property=\"og:type\" content=\"article\" \/>\n<meta property=\"og:title\" content=\"About by Laura Hernandez de Yoga et Mouvement\" \/>\n<meta property=\"og:description\" content=\"Laura Hernandez: Yoga trainer, somatic educator, holistic wellness consultant and accredited celebrant. Come and discover me!\" \/>\n<meta property=\"og:url\" content=\"https:\/\/yogaetmouvement.com\/en\/about\/\" \/>\n<meta property=\"og:site_name\" content=\"Yoga et Mouvement\" \/>\n<meta property=\"article:modified_time\" content=\"2025-01-14T19:07:03+00:00\" \/>\n<meta property=\"og:image\" content=\"https:\/\/yogaetmouvement.com\/wp-content\/uploads\/2023\/09\/facebookym-1024x538.jpg\" \/>\n<meta name=\"twitter:card\" content=\"summary_large_image\" \/>\n<meta name=\"twitter:label1\" content=\"Est. reading time\" \/>\n\t<meta name=\"twitter:data1\" content=\"5 minutes\" \/>\n<script type=\"application\/ld+json\" class=\"yoast-schema-graph\">{\"@context\":\"https:\\\/\\\/schema.org\",\"@graph\":[{\"@type\":\"WebPage\",\"@id\":\"https:\\\/\\\/yogaetmouvement.com\\\/en\\\/about\\\/\",\"url\":\"https:\\\/\\\/yogaetmouvement.com\\\/en\\\/about\\\/\",\"name\":\"About by Laura Hernandez de Yoga et Mouvement\",\"isPartOf\":{\"@id\":\"https:\\\/\\\/yogaetmouvement.com\\\/en\\\/#website\"},\"primaryImageOfPage\":{\"@id\":\"https:\\\/\\\/yogaetmouvement.com\\\/en\\\/about\\\/#primaryimage\"},\"image\":{\"@id\":\"https:\\\/\\\/yogaetmouvement.com\\\/en\\\/about\\\/#primaryimage\"},\"thumbnailUrl\":\"https:\\\/\\\/yogaetmouvement.com\\\/wp-content\\\/uploads\\\/2023\\\/09\\\/facebookym.jpg\",\"datePublished\":\"2023-10-10T15:40:26+00:00\",\"dateModified\":\"2025-01-14T19:07:03+00:00\",\"description\":\"Laura Hernandez: Yoga trainer, somatic educator, holistic wellness consultant and accredited celebrant. Come and discover me!\",\"breadcrumb\":{\"@id\":\"https:\\\/\\\/yogaetmouvement.com\\\/en\\\/about\\\/#breadcrumb\"},\"inLanguage\":\"en-US\",\"potentialAction\":[{\"@type\":\"ReadAction\",\"target\":[\"https:\\\/\\\/yogaetmouvement.com\\\/en\\\/about\\\/\"]}]},{\"@type\":\"ImageObject\",\"inLanguage\":\"en-US\",\"@id\":\"https:\\\/\\\/yogaetmouvement.com\\\/en\\\/about\\\/#primaryimage\",\"url\":\"https:\\\/\\\/yogaetmouvement.com\\\/wp-content\\\/uploads\\\/2023\\\/09\\\/facebookym.jpg\",\"contentUrl\":\"https:\\\/\\\/yogaetmouvement.com\\\/wp-content\\\/uploads\\\/2023\\\/09\\\/facebookym.jpg\",\"width\":1200,\"height\":630,\"caption\":\"Yoga et Mouvement : Laura Hernandez\"},{\"@type\":\"BreadcrumbList\",\"@id\":\"https:\\\/\\\/yogaetmouvement.com\\\/en\\\/about\\\/#breadcrumb\",\"itemListElement\":[{\"@type\":\"ListItem\",\"position\":1,\"name\":\"Accueil\",\"item\":\"https:\\\/\\\/yogaetmouvement.com\\\/en\\\/\"},{\"@type\":\"ListItem\",\"position\":2,\"name\":\"About\"}]},{\"@type\":\"WebSite\",\"@id\":\"https:\\\/\\\/yogaetmouvement.com\\\/en\\\/#website\",\"url\":\"https:\\\/\\\/yogaetmouvement.com\\\/en\\\/\",\"name\":\"Yoga et Mouvement\",\"description\":\"Introspection et libert\u00e9 de mouvement\",\"potentialAction\":[{\"@type\":\"SearchAction\",\"target\":{\"@type\":\"EntryPoint\",\"urlTemplate\":\"https:\\\/\\\/yogaetmouvement.com\\\/en\\\/?s={search_term_string}\"},\"query-input\":{\"@type\":\"PropertyValueSpecification\",\"valueRequired\":true,\"valueName\":\"search_term_string\"}}],\"inLanguage\":\"en-US\"}]}<\/script>\n<!-- \/ Yoast SEO plugin. -->","yoast_head_json":{"title":"About by Laura Hernandez de Yoga et Mouvement","description":"Laura Hernandez: Yoga trainer, somatic educator, holistic wellness consultant and accredited celebrant. Come and discover me!","robots":{"index":"index","follow":"follow","max-snippet":"max-snippet:-1","max-image-preview":"max-image-preview:large","max-video-preview":"max-video-preview:-1"},"canonical":"https:\/\/yogaetmouvement.com\/en\/about\/","og_locale":"en_US","og_type":"article","og_title":"About by Laura Hernandez de Yoga et Mouvement","og_description":"Laura Hernandez: Yoga trainer, somatic educator, holistic wellness consultant and accredited celebrant. Come and discover me!","og_url":"https:\/\/yogaetmouvement.com\/en\/about\/","og_site_name":"Yoga et Mouvement","article_modified_time":"2025-01-14T19:07:03+00:00","og_image":[{"url":"https:\/\/yogaetmouvement.com\/wp-content\/uploads\/2023\/09\/facebookym-1024x538.jpg","type":"","width":"","height":""}],"twitter_card":"summary_large_image","twitter_misc":{"Est. reading time":"5 minutes"},"schema":{"@context":"https:\/\/schema.org","@graph":[{"@type":"WebPage","@id":"https:\/\/yogaetmouvement.com\/en\/about\/","url":"https:\/\/yogaetmouvement.com\/en\/about\/","name":"About by Laura Hernandez de Yoga et Mouvement","isPartOf":{"@id":"https:\/\/yogaetmouvement.com\/en\/#website"},"primaryImageOfPage":{"@id":"https:\/\/yogaetmouvement.com\/en\/about\/#primaryimage"},"image":{"@id":"https:\/\/yogaetmouvement.com\/en\/about\/#primaryimage"},"thumbnailUrl":"https:\/\/yogaetmouvement.com\/wp-content\/uploads\/2023\/09\/facebookym.jpg","datePublished":"2023-10-10T15:40:26+00:00","dateModified":"2025-01-14T19:07:03+00:00","description":"Laura Hernandez: Yoga trainer, somatic educator, holistic wellness consultant and accredited celebrant. Come and discover me!","breadcrumb":{"@id":"https:\/\/yogaetmouvement.com\/en\/about\/#breadcrumb"},"inLanguage":"en-US","potentialAction":[{"@type":"ReadAction","target":["https:\/\/yogaetmouvement.com\/en\/about\/"]}]},{"@type":"ImageObject","inLanguage":"en-US","@id":"https:\/\/yogaetmouvement.com\/en\/about\/#primaryimage","url":"https:\/\/yogaetmouvement.com\/wp-content\/uploads\/2023\/09\/facebookym.jpg","contentUrl":"https:\/\/yogaetmouvement.com\/wp-content\/uploads\/2023\/09\/facebookym.jpg","width":1200,"height":630,"caption":"Yoga et Mouvement : Laura Hernandez"},{"@type":"BreadcrumbList","@id":"https:\/\/yogaetmouvement.com\/en\/about\/#breadcrumb","itemListElement":[{"@type":"ListItem","position":1,"name":"Accueil","item":"https:\/\/yogaetmouvement.com\/en\/"},{"@type":"ListItem","position":2,"name":"About"}]},{"@type":"WebSite","@id":"https:\/\/yogaetmouvement.com\/en\/#website","url":"https:\/\/yogaetmouvement.com\/en\/","name":"Yoga et Mouvement","description":"Introspection et libert\u00e9 de mouvement","potentialAction":[{"@type":"SearchAction","target":{"@type":"EntryPoint","urlTemplate":"https:\/\/yogaetmouvement.com\/en\/?s={search_term_string}"},"query-input":{"@type":"PropertyValueSpecification","valueRequired":true,"valueName":"search_term_string"}}],"inLanguage":"en-US"}]}},"_links":{"self":[{"href":"https:\/\/yogaetmouvement.com\/en\/wp-json\/wp\/v2\/pages\/2634","targetHints":{"allow":["GET"]}}],"collection":[{"href":"https:\/\/yogaetmouvement.com\/en\/wp-json\/wp\/v2\/pages"}],"about":[{"href":"https:\/\/yogaetmouvement.com\/en\/wp-json\/wp\/v2\/types\/page"}],"author":[{"embeddable":true,"href":"https:\/\/yogaetmouvement.com\/en\/wp-json\/wp\/v2\/users\/6"}],"replies":[{"embeddable":true,"href":"https:\/\/yogaetmouvement.com\/en\/wp-json\/wp\/v2\/comments?post=2634"}],"version-history":[{"count":2,"href":"https:\/\/yogaetmouvement.com\/en\/wp-json\/wp\/v2\/pages\/2634\/revisions"}],"predecessor-version":[{"id":2750,"href":"https:\/\/yogaetmouvement.com\/en\/wp-json\/wp\/v2\/pages\/2634\/revisions\/2750"}],"wp:featuredmedia":[{"embeddable":true,"href":"https:\/\/yogaetmouvement.com\/en\/wp-json\/wp\/v2\/media\/2597"}],"wp:attachment":[{"href":"https:\/\/yogaetmouvement.com\/en\/wp-json\/wp\/v2\/media?parent=2634"}],"curies":[{"name":"wp","href":"https:\/\/api.w.org\/{rel}","templated":true}]}}